{"id":8394,"date":"2025-05-18T10:59:42","date_gmt":"2025-05-18T10:59:42","guid":{"rendered":"https:\/\/www.itergoritiense.eu\/romarski-potni-list\/"},"modified":"2025-09-18T08:45:38","modified_gmt":"2025-09-18T08:45:38","slug":"credenziale-del-pellegrino","status":"publish","type":"page","link":"https:\/\/www.itergoritiense.eu\/it\/credenziale-del-pellegrino\/","title":{"rendered":"Credenzale del Pellegrino"},"content":{"rendered":"\t\t<div data-elementor-type=\"wp-page\" data-elementor-id=\"8394\" class=\"elementor elementor-8394 elementor-8388\" data-elementor-post-type=\"page\">\n\t\t\t\t\t\t<section class=\"elementor-section elementor-top-section elementor-element elementor-element-108ca01 elementor-section-stretched elementor-section-boxed elementor-section-height-default elementor-section-height-default\" data-id=\"108ca01\" data-element_type=\"section\" data-e-type=\"section\" data-settings=\"{&quot;stretch_section&quot;:&quot;section-stretched&quot;,&quot;background_background&quot;:&quot;classic&quot;}\">\n\t\t\t\t\t\t\t<div class=\"elementor-background-overlay\"><\/div>\n\t\t\t\t\t\t\t<div class=\"elementor-container elementor-column-gap-default\">\n\t\t\t\t\t<div class=\"elementor-column elementor-col-100 elementor-top-column elementor-element elementor-element-92a8374\" data-id=\"92a8374\" data-element_type=\"column\" data-e-type=\"column\">\n\t\t\t<div class=\"elementor-widget-wrap elementor-element-populated\">\n\t\t\t\t\t\t<div class=\"elementor-element elementor-element-da2dd6b elementor-widget elementor-widget-heading\" data-id=\"da2dd6b\" data-element_type=\"widget\" data-e-type=\"widget\" data-settings=\"{&quot;_animation&quot;:&quot;none&quot;}\" data-widget_type=\"heading.default\">\n\t\t\t\t<div class=\"elementor-widget-container\">\n\t\t\t\t\t<h1 class=\"elementor-heading-title elementor-size-default\">Credenzale del Pellegrino<\/h1>\t\t\t\t<\/div>\n\t\t\t\t<\/div>\n\t\t\t\t\t<\/div>\n\t\t<\/div>\n\t\t\t\t\t<\/div>\n\t\t<\/section>\n\t\t\t\t<section class=\"elementor-section elementor-top-section elementor-element elementor-element-500f385 elementor-section-content-middle elementor-section-boxed elementor-section-height-default elementor-section-height-default\" data-id=\"500f385\" data-element_type=\"section\" data-e-type=\"section\" data-settings=\"{&quot;background_background&quot;:&quot;classic&quot;}\">\n\t\t\t\t\t\t\t<div class=\"elementor-background-overlay\"><\/div>\n\t\t\t\t\t\t\t<div class=\"elementor-container elementor-column-gap-default\">\n\t\t\t\t\t<div class=\"elementor-column elementor-col-50 elementor-top-column elementor-element elementor-element-96016ac\" data-id=\"96016ac\" data-element_type=\"column\" data-e-type=\"column\">\n\t\t\t<div class=\"elementor-widget-wrap elementor-element-populated\">\n\t\t\t\t\t\t<div class=\"elementor-element elementor-element-44e00b0 elementor-widget elementor-widget-heading\" data-id=\"44e00b0\" data-element_type=\"widget\" data-e-type=\"widget\" data-settings=\"{&quot;_animation&quot;:&quot;none&quot;}\" data-widget_type=\"heading.default\">\n\t\t\t\t<div class=\"elementor-widget-container\">\n\t\t\t\t\t<p class=\"elementor-heading-title elementor-size-default\">Ottieni la Credenzale del Pellegrino<\/p>\t\t\t\t<\/div>\n\t\t\t\t<\/div>\n\t\t\t\t<div class=\"elementor-element elementor-element-cbfa343 elementor-widget elementor-widget-heading\" data-id=\"cbfa343\" data-element_type=\"widget\" data-e-type=\"widget\" data-widget_type=\"heading.default\">\n\t\t\t\t<div class=\"elementor-widget-container\">\n\t\t\t\t\t<h2 class=\"elementor-heading-title elementor-size-default\">Cari pellegrini,<\/h2>\t\t\t\t<\/div>\n\t\t\t\t<\/div>\n\t\t\t\t<div class=\"elementor-element elementor-element-9c539a2 elementor-widget elementor-widget-heading\" data-id=\"9c539a2\" data-element_type=\"widget\" data-e-type=\"widget\" data-widget_type=\"heading.default\">\n\t\t\t\t<div class=\"elementor-widget-container\">\n\t\t\t\t\t<p class=\"elementor-heading-title elementor-size-default\">vi informiamo che potete ritirare la vostra Credenziale del Pellegrino presso lo shop della Basilica di Aquileia. Questo documento ufficiale vi accompagner\u00e0 durante il vostro cammino, permettendovi di raccogliere timbri lungo il percorso come segno del vostro pellegrinaggio.<br><br>Lo shop \u00e8 situato in Piazza Capitolo accanto alla Basilica e il personale sar\u00e0 lieto di fornirvi la credenziale e tutte le informazioni necessarie per il vostro viaggio. Assicuratevi di portarla con voi durante tutte le tappe, poich\u00e9 testimonier\u00e0 il vostro impegno e vi permetter\u00e0 di ottenere l'attestato di completamento una volta giunti a destinazione.\n<\/p>\t\t\t\t<\/div>\n\t\t\t\t<\/div>\n\t\t\t\t<div class=\"elementor-element elementor-element-f1b9114 elementor-widget elementor-widget-heading\" data-id=\"f1b9114\" data-element_type=\"widget\" data-e-type=\"widget\" data-widget_type=\"heading.default\">\n\t\t\t\t<div class=\"elementor-widget-container\">\n\t\t\t\t\t<h4 class=\"elementor-heading-title elementor-size-default\">Orari di apertura shop:<\/h4>\t\t\t\t<\/div>\n\t\t\t\t<\/div>\n\t\t\t\t<div class=\"elementor-element elementor-element-da52416 elementor-widget elementor-widget-heading\" data-id=\"da52416\" data-element_type=\"widget\" data-e-type=\"widget\" data-widget_type=\"heading.default\">\n\t\t\t\t<div class=\"elementor-widget-container\">\n\t\t\t\t\t<p class=\"elementor-heading-title elementor-size-default\">Da aprile a settembre<br>LUN - SAB 10:00 - 19:00<br>DOM 10:00 - 19:00 <br><br>Da novembre a febbraio<br>LUN - VEN 10:00 - 16:00<br>SAB - DOM 10:00 - 17:00 <br><br>Marzo e ottobre<br>LUN - DOM 10:00 - 18:00 <\/p>\t\t\t\t<\/div>\n\t\t\t\t<\/div>\n\t\t\t\t<div class=\"elementor-element elementor-element-f2299db elementor-widget elementor-widget-heading\" data-id=\"f2299db\" data-element_type=\"widget\" data-e-type=\"widget\" data-widget_type=\"heading.default\">\n\t\t\t\t<div class=\"elementor-widget-container\">\n\t\t\t\t\t<p class=\"elementor-heading-title elementor-size-default\">La credenziale sar\u00e0 disponibile per il ritiro a partire dal 1. dicembre 2024.<\/p>\t\t\t\t<\/div>\n\t\t\t\t<\/div>\n\t\t\t\t\t<\/div>\n\t\t<\/div>\n\t\t\t\t<div class=\"elementor-column elementor-col-50 elementor-top-column elementor-element elementor-element-614ee89\" data-id=\"614ee89\" data-element_type=\"column\" data-e-type=\"column\">\n\t\t\t<div class=\"elementor-widget-wrap elementor-element-populated\">\n\t\t\t\t\t\t<div class=\"elementor-element elementor-element-1518fb0 elementor-widget elementor-widget-image\" data-id=\"1518fb0\" data-element_type=\"widget\" data-e-type=\"widget\" data-widget_type=\"image.default\">\n\t\t\t\t<div class=\"elementor-widget-container\">\n\t\t\t\t\t\t\t\t\t\t\t\t\t\t\t<img decoding=\"async\" src=\"https:\/\/www.itergoritiense.eu\/wp-content\/uploads\/2024\/10\/Screenshot-2024-10-29-alle-12.06.06.png\" title=\"Screenshot 2024-10-29 alle 12.06.06\" alt=\"Screenshot 2024-10-29 alle 12.06.06\" loading=\"lazy\" \/>\t\t\t\t\t\t\t\t\t\t\t\t\t\t\t<\/div>\n\t\t\t\t<\/div>\n\t\t\t\t\t<\/div>\n\t\t<\/div>\n\t\t\t\t\t<\/div>\n\t\t<\/section>\n\t\t\t\t<\/div>\n\t\t","protected":false},"excerpt":{"rendered":"<p>Credenzale del Pellegrino Ottieni la Credenzale del Pellegrino Cari pellegrini, vi informiamo che potete ritirare la vostra Credenziale del Pellegrino presso lo shop della Basilica di Aquileia. Questo documento ufficiale vi accompagner\u00e0 durante il vostro cammino, permettendovi di raccogliere timbri lungo il percorso come segno del vostro pellegrinaggio. Lo shop \u00e8 situato in Piazza Capitolo [&hellip;]<\/p>\n","protected":false},"author":1,"featured_media":5264,"parent":0,"menu_order":0,"comment_status":"closed","ping_status":"closed","template":"","meta":{"footnotes":""},"class_list":["post-8394","page","type-page","status-publish","has-post-thumbnail","hentry"],"yoast_head":"<!-- This site is optimized with the Yoast SEO plugin v27.0 - https:\/\/yoast.com\/product\/yoast-seo-wordpress\/ -->\n<title>Credenzale del Pellegrino | Cammino Goriziano<\/title>\n<meta name=\"description\" content=\"Credenzale del Pellegrino Ottieni la Credenzale del Pellegrino Cari pellegrini, vi informiamo che potete ritirare la vostra Credenziale del Pellegrino\" \/>\n<meta name=\"robots\" content=\"index, follow, max-snippet:-1, max-image-preview:large, max-video-preview:-1\" \/>\n<link rel=\"canonical\" href=\"https:\/\/www.itergoritiense.eu\/en\/pilgrims-credential\/\" \/>\n<meta property=\"og:locale\" content=\"it_IT\" \/>\n<meta property=\"og:type\" content=\"article\" \/>\n<meta property=\"og:title\" content=\"Credenzale del Pellegrino | Cammino Goriziano\" \/>\n<meta property=\"og:description\" content=\"Credenzale del Pellegrino Ottieni la Credenzale del Pellegrino Cari pellegrini, vi informiamo che potete ritirare la vostra Credenziale del Pellegrino\" \/>\n<meta property=\"og:url\" content=\"https:\/\/www.itergoritiense.eu\/en\/pilgrims-credential\/\" \/>\n<meta property=\"og:site_name\" content=\"Iter Goritiense\" \/>\n<meta property=\"article:publisher\" content=\"https:\/\/www.facebook.com\/people\/Iter-Goritiense-Aquileia-Sveta-Gora\/61560525574910\/\" \/>\n<meta property=\"article:modified_time\" content=\"2025-09-18T08:45:38+00:00\" \/>\n<meta property=\"og:image\" content=\"https:\/\/www.itergoritiense.eu\/wp-content\/uploads\/2024\/06\/itergoritiense-featured-image.webp\" \/>\n\t<meta property=\"og:image:width\" content=\"1200\" \/>\n\t<meta property=\"og:image:height\" content=\"675\" \/>\n\t<meta property=\"og:image:type\" content=\"image\/webp\" \/>\n<meta name=\"twitter:card\" content=\"summary_large_image\" \/>\n<meta name=\"twitter:label1\" content=\"Est. reading time\" \/>\n\t<meta name=\"twitter:data1\" content=\"1 minute\" \/>\n<script type=\"application\/ld+json\" class=\"yoast-schema-graph\">{\"@context\":\"https:\/\/schema.org\",\"@graph\":[{\"@type\":\"WebPage\",\"@id\":\"https:\/\/www.itergoritiense.eu\/en\/pilgrims-credential\/\",\"url\":\"https:\/\/www.itergoritiense.eu\/en\/pilgrims-credential\/\",\"name\":\"Credenzale del Pellegrino | Cammino Goriziano\",\"isPartOf\":{\"@id\":\"https:\/\/www.itergoritiense.eu\/#website\"},\"primaryImageOfPage\":{\"@id\":\"https:\/\/www.itergoritiense.eu\/en\/pilgrims-credential\/#primaryimage\"},\"image\":{\"@id\":\"https:\/\/www.itergoritiense.eu\/en\/pilgrims-credential\/#primaryimage\"},\"thumbnailUrl\":\"https:\/\/www.itergoritiense.eu\/wp-content\/uploads\/2024\/06\/itergoritiense-featured-image.webp\",\"datePublished\":\"2025-05-18T10:59:42+00:00\",\"dateModified\":\"2025-09-18T08:45:38+00:00\",\"description\":\"Credenzale del Pellegrino Ottieni la Credenzale del Pellegrino Cari pellegrini, vi informiamo che potete ritirare la vostra Credenziale del Pellegrino\",\"breadcrumb\":{\"@id\":\"https:\/\/www.itergoritiense.eu\/en\/pilgrims-credential\/#breadcrumb\"},\"inLanguage\":\"it-IT\",\"potentialAction\":[{\"@type\":\"ReadAction\",\"target\":[\"https:\/\/www.itergoritiense.eu\/en\/pilgrims-credential\/\"]}]},{\"@type\":\"ImageObject\",\"inLanguage\":\"it-IT\",\"@id\":\"https:\/\/www.itergoritiense.eu\/en\/pilgrims-credential\/#primaryimage\",\"url\":\"https:\/\/www.itergoritiense.eu\/wp-content\/uploads\/2024\/06\/itergoritiense-featured-image.webp\",\"contentUrl\":\"https:\/\/www.itergoritiense.eu\/wp-content\/uploads\/2024\/06\/itergoritiense-featured-image.webp\",\"width\":1200,\"height\":675},{\"@type\":\"BreadcrumbList\",\"@id\":\"https:\/\/www.itergoritiense.eu\/en\/pilgrims-credential\/#breadcrumb\",\"itemListElement\":[{\"@type\":\"ListItem\",\"position\":1,\"name\":\"Domov\",\"item\":\"https:\/\/www.itergoritiense.eu\/\"},{\"@type\":\"ListItem\",\"position\":2,\"name\":\"Credenzale del Pellegrino\"}]},{\"@type\":\"WebSite\",\"@id\":\"https:\/\/www.itergoritiense.eu\/#website\",\"url\":\"https:\/\/www.itergoritiense.eu\/\",\"name\":\"Iter Goritiense\",\"description\":\"Pot, ki presega meje in povezuje ljudi\",\"publisher\":{\"@id\":\"https:\/\/www.itergoritiense.eu\/#organization\"},\"alternateName\":\"Iter Goritiense\",\"potentialAction\":[{\"@type\":\"SearchAction\",\"target\":{\"@type\":\"EntryPoint\",\"urlTemplate\":\"https:\/\/www.itergoritiense.eu\/?s={search_term_string}\"},\"query-input\":{\"@type\":\"PropertyValueSpecification\",\"valueRequired\":true,\"valueName\":\"search_term_string\"}}],\"inLanguage\":\"it-IT\"},{\"@type\":\"Organization\",\"@id\":\"https:\/\/www.itergoritiense.eu\/#organization\",\"name\":\"Iter Goritiense\",\"alternateName\":\"Iter Goritiense\",\"url\":\"https:\/\/www.itergoritiense.eu\/\",\"logo\":{\"@type\":\"ImageObject\",\"inLanguage\":\"it-IT\",\"@id\":\"https:\/\/www.itergoritiense.eu\/#\/schema\/logo\/image\/\",\"url\":\"https:\/\/www.itergoritiense.eu\/wp-content\/uploads\/2024\/06\/AQSG_logo_barven.png\",\"contentUrl\":\"https:\/\/www.itergoritiense.eu\/wp-content\/uploads\/2024\/06\/AQSG_logo_barven.png\",\"width\":1635,\"height\":450,\"caption\":\"Iter Goritiense\"},\"image\":{\"@id\":\"https:\/\/www.itergoritiense.eu\/#\/schema\/logo\/image\/\"},\"sameAs\":[\"https:\/\/www.facebook.com\/people\/Iter-Goritiense-Aquileia-Sveta-Gora\/61560525574910\/\",\"https:\/\/www.instagram.com\/iter_goritiense\/\"]}]}<\/script>\n<!-- \/ Yoast SEO plugin. -->","yoast_head_json":{"title":"Credenzale del Pellegrino | Cammino Goriziano","description":"Credenzale del Pellegrino Ottieni la Credenzale del Pellegrino Cari pellegrini, vi informiamo che potete ritirare la vostra Credenziale del Pellegrino","robots":{"index":"index","follow":"follow","max-snippet":"max-snippet:-1","max-image-preview":"max-image-preview:large","max-video-preview":"max-video-preview:-1"},"canonical":"https:\/\/www.itergoritiense.eu\/en\/pilgrims-credential\/","og_locale":"it_IT","og_type":"article","og_title":"Credenzale del Pellegrino | Cammino Goriziano","og_description":"Credenzale del Pellegrino Ottieni la Credenzale del Pellegrino Cari pellegrini, vi informiamo che potete ritirare la vostra Credenziale del Pellegrino","og_url":"https:\/\/www.itergoritiense.eu\/en\/pilgrims-credential\/","og_site_name":"Iter Goritiense","article_publisher":"https:\/\/www.facebook.com\/people\/Iter-Goritiense-Aquileia-Sveta-Gora\/61560525574910\/","article_modified_time":"2025-09-18T08:45:38+00:00","og_image":[{"width":1200,"height":675,"url":"https:\/\/www.itergoritiense.eu\/wp-content\/uploads\/2024\/06\/itergoritiense-featured-image.webp","type":"image\/webp"}],"twitter_card":"summary_large_image","twitter_misc":{"Est. reading time":"1 minute"},"schema":{"@context":"https:\/\/schema.org","@graph":[{"@type":"WebPage","@id":"https:\/\/www.itergoritiense.eu\/en\/pilgrims-credential\/","url":"https:\/\/www.itergoritiense.eu\/en\/pilgrims-credential\/","name":"Credenzale del Pellegrino | Cammino Goriziano","isPartOf":{"@id":"https:\/\/www.itergoritiense.eu\/#website"},"primaryImageOfPage":{"@id":"https:\/\/www.itergoritiense.eu\/en\/pilgrims-credential\/#primaryimage"},"image":{"@id":"https:\/\/www.itergoritiense.eu\/en\/pilgrims-credential\/#primaryimage"},"thumbnailUrl":"https:\/\/www.itergoritiense.eu\/wp-content\/uploads\/2024\/06\/itergoritiense-featured-image.webp","datePublished":"2025-05-18T10:59:42+00:00","dateModified":"2025-09-18T08:45:38+00:00","description":"Credenzale del Pellegrino Ottieni la Credenzale del Pellegrino Cari pellegrini, vi informiamo che potete ritirare la vostra Credenziale del Pellegrino","breadcrumb":{"@id":"https:\/\/www.itergoritiense.eu\/en\/pilgrims-credential\/#breadcrumb"},"inLanguage":"it-IT","potentialAction":[{"@type":"ReadAction","target":["https:\/\/www.itergoritiense.eu\/en\/pilgrims-credential\/"]}]},{"@type":"ImageObject","inLanguage":"it-IT","@id":"https:\/\/www.itergoritiense.eu\/en\/pilgrims-credential\/#primaryimage","url":"https:\/\/www.itergoritiense.eu\/wp-content\/uploads\/2024\/06\/itergoritiense-featured-image.webp","contentUrl":"https:\/\/www.itergoritiense.eu\/wp-content\/uploads\/2024\/06\/itergoritiense-featured-image.webp","width":1200,"height":675},{"@type":"BreadcrumbList","@id":"https:\/\/www.itergoritiense.eu\/en\/pilgrims-credential\/#breadcrumb","itemListElement":[{"@type":"ListItem","position":1,"name":"Domov","item":"https:\/\/www.itergoritiense.eu\/"},{"@type":"ListItem","position":2,"name":"Credenzale del Pellegrino"}]},{"@type":"WebSite","@id":"https:\/\/www.itergoritiense.eu\/#website","url":"https:\/\/www.itergoritiense.eu\/","name":"Iter Goritiense","description":"Pot, ki presega meje in povezuje ljudi","publisher":{"@id":"https:\/\/www.itergoritiense.eu\/#organization"},"alternateName":"Iter Goritiense","potentialAction":[{"@type":"SearchAction","target":{"@type":"EntryPoint","urlTemplate":"https:\/\/www.itergoritiense.eu\/?s={search_term_string}"},"query-input":{"@type":"PropertyValueSpecification","valueRequired":true,"valueName":"search_term_string"}}],"inLanguage":"it-IT"},{"@type":"Organization","@id":"https:\/\/www.itergoritiense.eu\/#organization","name":"Iter Goritiense","alternateName":"Iter Goritiense","url":"https:\/\/www.itergoritiense.eu\/","logo":{"@type":"ImageObject","inLanguage":"it-IT","@id":"https:\/\/www.itergoritiense.eu\/#\/schema\/logo\/image\/","url":"https:\/\/www.itergoritiense.eu\/wp-content\/uploads\/2024\/06\/AQSG_logo_barven.png","contentUrl":"https:\/\/www.itergoritiense.eu\/wp-content\/uploads\/2024\/06\/AQSG_logo_barven.png","width":1635,"height":450,"caption":"Iter Goritiense"},"image":{"@id":"https:\/\/www.itergoritiense.eu\/#\/schema\/logo\/image\/"},"sameAs":["https:\/\/www.facebook.com\/people\/Iter-Goritiense-Aquileia-Sveta-Gora\/61560525574910\/","https:\/\/www.instagram.com\/iter_goritiense\/"]}]}},"_links":{"self":[{"href":"https:\/\/www.itergoritiense.eu\/it\/wp-json\/wp\/v2\/pages\/8394","targetHints":{"allow":["GET"]}}],"collection":[{"href":"https:\/\/www.itergoritiense.eu\/it\/wp-json\/wp\/v2\/pages"}],"about":[{"href":"https:\/\/www.itergoritiense.eu\/it\/wp-json\/wp\/v2\/types\/page"}],"author":[{"embeddable":true,"href":"https:\/\/www.itergoritiense.eu\/it\/wp-json\/wp\/v2\/users\/1"}],"replies":[{"embeddable":true,"href":"https:\/\/www.itergoritiense.eu\/it\/wp-json\/wp\/v2\/comments?post=8394"}],"version-history":[{"count":17,"href":"https:\/\/www.itergoritiense.eu\/it\/wp-json\/wp\/v2\/pages\/8394\/revisions"}],"predecessor-version":[{"id":9449,"href":"https:\/\/www.itergoritiense.eu\/it\/wp-json\/wp\/v2\/pages\/8394\/revisions\/9449"}],"wp:featuredmedia":[{"embeddable":true,"href":"https:\/\/www.itergoritiense.eu\/it\/wp-json\/wp\/v2\/media\/5264"}],"wp:attachment":[{"href":"https:\/\/www.itergoritiense.eu\/it\/wp-json\/wp\/v2\/media?parent=8394"}],"curies":[{"name":"wp","href":"https:\/\/api.w.org\/{rel}","templated":true}]}}