{"id":8431,"date":"2025-05-18T11:24:55","date_gmt":"2025-05-18T11:24:55","guid":{"rendered":"https:\/\/www.itergoritiense.eu\/testimonium\/"},"modified":"2025-09-18T08:46:23","modified_gmt":"2025-09-18T08:46:23","slug":"testimonium","status":"publish","type":"page","link":"https:\/\/www.itergoritiense.eu\/it\/testimonium\/","title":{"rendered":"Testimonium"},"content":{"rendered":"\t\t<div data-elementor-type=\"wp-page\" data-elementor-id=\"8431\" class=\"elementor elementor-8431 elementor-8425\" data-elementor-post-type=\"page\">\n\t\t\t\t\t\t<section class=\"elementor-section elementor-top-section elementor-element elementor-element-432e2c3 elementor-section-stretched elementor-section-boxed elementor-section-height-default elementor-section-height-default\" data-id=\"432e2c3\" data-element_type=\"section\" data-e-type=\"section\" data-settings=\"{&quot;stretch_section&quot;:&quot;section-stretched&quot;,&quot;background_background&quot;:&quot;classic&quot;}\">\n\t\t\t\t\t\t\t<div class=\"elementor-background-overlay\"><\/div>\n\t\t\t\t\t\t\t<div class=\"elementor-container elementor-column-gap-default\">\n\t\t\t\t\t<div class=\"elementor-column elementor-col-100 elementor-top-column elementor-element elementor-element-a9b32ce\" data-id=\"a9b32ce\" data-element_type=\"column\" data-e-type=\"column\">\n\t\t\t<div class=\"elementor-widget-wrap elementor-element-populated\">\n\t\t\t\t\t\t<div class=\"elementor-element elementor-element-2c4bc58 elementor-widget elementor-widget-heading\" data-id=\"2c4bc58\" data-element_type=\"widget\" data-e-type=\"widget\" data-settings=\"{&quot;_animation&quot;:&quot;none&quot;}\" data-widget_type=\"heading.default\">\n\t\t\t\t<div class=\"elementor-widget-container\">\n\t\t\t\t\t<h1 class=\"elementor-heading-title elementor-size-default\">Testimonium<\/h1>\t\t\t\t<\/div>\n\t\t\t\t<\/div>\n\t\t\t\t\t<\/div>\n\t\t<\/div>\n\t\t\t\t\t<\/div>\n\t\t<\/section>\n\t\t\t\t<section class=\"elementor-section elementor-top-section elementor-element elementor-element-84c9494 elementor-section-stretched elementor-section-boxed elementor-section-height-default elementor-section-height-default\" data-id=\"84c9494\" data-element_type=\"section\" data-e-type=\"section\" data-settings=\"{&quot;background_background&quot;:&quot;classic&quot;,&quot;stretch_section&quot;:&quot;section-stretched&quot;}\">\n\t\t\t\t\t\t\t<div class=\"elementor-background-overlay\"><\/div>\n\t\t\t\t\t\t\t<div class=\"elementor-container elementor-column-gap-default\">\n\t\t\t\t\t<div class=\"elementor-column elementor-col-100 elementor-top-column elementor-element elementor-element-b6dbe47\" data-id=\"b6dbe47\" data-element_type=\"column\" data-e-type=\"column\">\n\t\t\t<div class=\"elementor-widget-wrap elementor-element-populated\">\n\t\t\t\t\t\t<section class=\"elementor-section elementor-inner-section elementor-element elementor-element-8be1b97 elementor-section-full_width elementor-section-height-default elementor-section-height-default\" data-id=\"8be1b97\" data-element_type=\"section\" data-e-type=\"section\">\n\t\t\t\t\t\t<div class=\"elementor-container elementor-column-gap-default\">\n\t\t\t\t\t<div class=\"elementor-column elementor-col-50 elementor-inner-column elementor-element elementor-element-f1e18b9\" data-id=\"f1e18b9\" data-element_type=\"column\" data-e-type=\"column\">\n\t\t\t<div class=\"elementor-widget-wrap elementor-element-populated\">\n\t\t\t\t\t\t<div class=\"elementor-element elementor-element-4eb08e6 elementor-widget elementor-widget-heading\" data-id=\"4eb08e6\" data-element_type=\"widget\" data-e-type=\"widget\" data-settings=\"{&quot;_animation&quot;:&quot;none&quot;}\" data-widget_type=\"heading.default\">\n\t\t\t\t<div class=\"elementor-widget-container\">\n\t\t\t\t\t<p class=\"elementor-heading-title elementor-size-default\">Un segno di viaggio, memoria e spiritualit\u00e0<\/p>\t\t\t\t<\/div>\n\t\t\t\t<\/div>\n\t\t\t\t<div class=\"elementor-element elementor-element-cb9010e elementor-widget elementor-widget-heading\" data-id=\"cb9010e\" data-element_type=\"widget\" data-e-type=\"widget\" data-widget_type=\"heading.default\">\n\t\t\t\t<div class=\"elementor-widget-container\">\n\t\t\t\t\t<h2 class=\"elementor-heading-title elementor-size-default\">Testimonium del Cammino Goriziano<\/h2>\t\t\t\t<\/div>\n\t\t\t\t<\/div>\n\t\t\t\t<div class=\"elementor-element elementor-element-59315db elementor-widget elementor-widget-heading\" data-id=\"59315db\" data-element_type=\"widget\" data-e-type=\"widget\" data-widget_type=\"heading.default\">\n\t\t\t\t<div class=\"elementor-widget-container\">\n\t\t\t\t\t<p class=\"elementor-heading-title elementor-size-default\">Il Testimonium del Cammino Goriziano rappresenta molto pi\u00f9 di un semplice attestato: con questo documento, ogni pellegrino riceve un ricordo tangibile del proprio viaggio lungo i sentieri spirituali, storici e culturali che attraversano il territorio goriziano.<br><br>Il Testimonium celebra l\u2019impegno del pellegrino, che con coraggio e determinazione abbraccia il viaggio come esperienza di crescita personale e connessione con le radici pi\u00f9 profonde della spiritualit\u00e0 e della cultura di questa terra.<br><br>Per ricevere il Testimonium del Cammino Goriziano in formato digitale \u00e8 necessario farne richiesta via email all\u2019indirizzo info@itergoritiense.eu, allegando i dettagli del percorso completato.\n<\/p>\t\t\t\t<\/div>\n\t\t\t\t<\/div>\n\t\t\t\t\t<\/div>\n\t\t<\/div>\n\t\t\t\t<div class=\"elementor-column elementor-col-50 elementor-inner-column elementor-element elementor-element-3362614\" data-id=\"3362614\" data-element_type=\"column\" data-e-type=\"column\">\n\t\t\t<div class=\"elementor-widget-wrap elementor-element-populated\">\n\t\t\t\t\t\t<div class=\"elementor-element elementor-element-2971968 elementor-widget elementor-widget-image\" data-id=\"2971968\" data-element_type=\"widget\" data-e-type=\"widget\" data-widget_type=\"image.default\">\n\t\t\t\t<div class=\"elementor-widget-container\">\n\t\t\t\t\t\t\t\t\t\t\t\t\t\t\t<img loading=\"lazy\" decoding=\"async\" width=\"600\" height=\"500\" src=\"https:\/\/www.itergoritiense.eu\/wp-content\/uploads\/2025\/02\/2.png\" class=\"attachment-large size-large wp-image-6956\" alt=\"\" srcset=\"https:\/\/www.itergoritiense.eu\/wp-content\/uploads\/2025\/02\/2.png 600w, https:\/\/www.itergoritiense.eu\/wp-content\/uploads\/2025\/02\/2-300x250.png 300w\" sizes=\"auto, (max-width: 600px) 100vw, 600px\" \/>\t\t\t\t\t\t\t\t\t\t\t\t\t\t\t<\/div>\n\t\t\t\t<\/div>\n\t\t\t\t\t<\/div>\n\t\t<\/div>\n\t\t\t\t\t<\/div>\n\t\t<\/section>\n\t\t\t\t\t<\/div>\n\t\t<\/div>\n\t\t\t\t\t<\/div>\n\t\t<\/section>\n\t\t<div class=\"elementor-element elementor-element-ae3dc6b e-flex e-con-boxed e-con e-parent\" data-id=\"ae3dc6b\" data-element_type=\"container\" data-e-type=\"container\">\n\t\t\t\t\t<div class=\"e-con-inner\">\n\t\t\t\t<div class=\"elementor-element elementor-element-fff4b11 elementor-widget elementor-widget-gallery\" data-id=\"fff4b11\" data-element_type=\"widget\" data-e-type=\"widget\" data-settings=\"{&quot;columns&quot;:3,&quot;columns_laptop&quot;:3,&quot;gap&quot;:{&quot;unit&quot;:&quot;px&quot;,&quot;size&quot;:25,&quot;sizes&quot;:[]},&quot;gap_tablet&quot;:{&quot;unit&quot;:&quot;px&quot;,&quot;size&quot;:25,&quot;sizes&quot;:[]},&quot;gap_mobile&quot;:{&quot;unit&quot;:&quot;px&quot;,&quot;size&quot;:20,&quot;sizes&quot;:[]},&quot;lazyload&quot;:&quot;yes&quot;,&quot;gallery_layout&quot;:&quot;grid&quot;,&quot;columns_tablet&quot;:2,&quot;columns_mobile&quot;:1,&quot;gap_laptop&quot;:{&quot;unit&quot;:&quot;px&quot;,&quot;size&quot;:10,&quot;sizes&quot;:[]},&quot;link_to&quot;:&quot;file&quot;,&quot;aspect_ratio&quot;:&quot;3:2&quot;,&quot;overlay_background&quot;:&quot;yes&quot;,&quot;content_hover_animation&quot;:&quot;fade-in&quot;}\" data-widget_type=\"gallery.default\">\n\t\t\t\t<div class=\"elementor-widget-container\">\n\t\t\t\t\t\t\t<div class=\"elementor-gallery__container\">\n\t\t\t\t\t\t\t<a class=\"e-gallery-item elementor-gallery-item elementor-animated-content\" href=\"https:\/\/www.itergoritiense.eu\/wp-content\/uploads\/2024\/09\/4-etapa-utrinki-01.webp\" data-elementor-open-lightbox=\"yes\" data-elementor-lightbox-slideshow=\"fff4b11\" data-elementor-lightbox-title=\"4-etapa-utrinki-01.webp\" data-e-action-hash=\"#elementor-action%3Aaction%3Dlightbox%26settings%3DeyJpZCI6NjI0OCwidXJsIjoiaHR0cHM6XC9cL3d3dy5pdGVyZ29yaXRpZW5zZS5ldVwvd3AtY29udGVudFwvdXBsb2Fkc1wvMjAyNFwvMDlcLzQtZXRhcGEtdXRyaW5raS0wMS53ZWJwIiwic2xpZGVzaG93IjoiZmZmNGIxMSJ9\">\n\t\t\t\t\t<div class=\"e-gallery-image elementor-gallery-item__image\" data-thumbnail=\"https:\/\/www.itergoritiense.eu\/wp-content\/uploads\/2024\/09\/4-etapa-utrinki-01.webp\" data-width=\"1000\" data-height=\"700\" aria-label=\"\" role=\"img\" ><\/div>\n\t\t\t\t\t\t\t\t\t\t\t<div class=\"elementor-gallery-item__overlay\"><\/div>\n\t\t\t\t\t\t\t\t\t\t\t\t\t\t<\/a>\n\t\t\t\t\t\t\t<a class=\"e-gallery-item elementor-gallery-item elementor-animated-content\" href=\"https:\/\/www.itergoritiense.eu\/wp-content\/uploads\/2024\/09\/1-etapa-utrinki-02.webp\" data-elementor-open-lightbox=\"yes\" data-elementor-lightbox-slideshow=\"fff4b11\" data-elementor-lightbox-title=\"1-etapa-utrinki-02.webp\" data-e-action-hash=\"#elementor-action%3Aaction%3Dlightbox%26settings%3DeyJpZCI6NjI1MSwidXJsIjoiaHR0cHM6XC9cL3d3dy5pdGVyZ29yaXRpZW5zZS5ldVwvd3AtY29udGVudFwvdXBsb2Fkc1wvMjAyNFwvMDlcLzEtZXRhcGEtdXRyaW5raS0wMi53ZWJwIiwic2xpZGVzaG93IjoiZmZmNGIxMSJ9\">\n\t\t\t\t\t<div class=\"e-gallery-image elementor-gallery-item__image\" data-thumbnail=\"https:\/\/www.itergoritiense.eu\/wp-content\/uploads\/2024\/09\/1-etapa-utrinki-02.webp\" data-width=\"1000\" data-height=\"700\" aria-label=\"\" role=\"img\" ><\/div>\n\t\t\t\t\t\t\t\t\t\t\t<div class=\"elementor-gallery-item__overlay\"><\/div>\n\t\t\t\t\t\t\t\t\t\t\t\t\t\t<\/a>\n\t\t\t\t\t\t\t<a class=\"e-gallery-item elementor-gallery-item elementor-animated-content\" href=\"https:\/\/www.itergoritiense.eu\/wp-content\/uploads\/2024\/09\/1-etapa-utrinki-06.webp\" data-elementor-open-lightbox=\"yes\" data-elementor-lightbox-slideshow=\"fff4b11\" data-elementor-lightbox-title=\"1-etapa-utrinki-06.webp\" data-e-action-hash=\"#elementor-action%3Aaction%3Dlightbox%26settings%3DeyJpZCI6NjI1NCwidXJsIjoiaHR0cHM6XC9cL3d3dy5pdGVyZ29yaXRpZW5zZS5ldVwvd3AtY29udGVudFwvdXBsb2Fkc1wvMjAyNFwvMDlcLzEtZXRhcGEtdXRyaW5raS0wNi53ZWJwIiwic2xpZGVzaG93IjoiZmZmNGIxMSJ9\">\n\t\t\t\t\t<div class=\"e-gallery-image elementor-gallery-item__image\" data-thumbnail=\"https:\/\/www.itergoritiense.eu\/wp-content\/uploads\/2024\/09\/1-etapa-utrinki-06.webp\" data-width=\"1000\" data-height=\"700\" aria-label=\"\" role=\"img\" ><\/div>\n\t\t\t\t\t\t\t\t\t\t\t<div class=\"elementor-gallery-item__overlay\"><\/div>\n\t\t\t\t\t\t\t\t\t\t\t\t\t\t<\/a>\n\t\t\t\t\t\t\t<a class=\"e-gallery-item elementor-gallery-item elementor-animated-content\" href=\"https:\/\/www.itergoritiense.eu\/wp-content\/uploads\/2024\/09\/1-etapa-utrinki-03.webp\" data-elementor-open-lightbox=\"yes\" data-elementor-lightbox-slideshow=\"fff4b11\" data-elementor-lightbox-title=\"1-etapa-utrinki-03.webp\" data-e-action-hash=\"#elementor-action%3Aaction%3Dlightbox%26settings%3DeyJpZCI6NjI1NywidXJsIjoiaHR0cHM6XC9cL3d3dy5pdGVyZ29yaXRpZW5zZS5ldVwvd3AtY29udGVudFwvdXBsb2Fkc1wvMjAyNFwvMDlcLzEtZXRhcGEtdXRyaW5raS0wMy53ZWJwIiwic2xpZGVzaG93IjoiZmZmNGIxMSJ9\">\n\t\t\t\t\t<div class=\"e-gallery-image elementor-gallery-item__image\" data-thumbnail=\"https:\/\/www.itergoritiense.eu\/wp-content\/uploads\/2024\/09\/1-etapa-utrinki-03.webp\" data-width=\"1000\" data-height=\"700\" aria-label=\"\" role=\"img\" ><\/div>\n\t\t\t\t\t\t\t\t\t\t\t<div class=\"elementor-gallery-item__overlay\"><\/div>\n\t\t\t\t\t\t\t\t\t\t\t\t\t\t<\/a>\n\t\t\t\t\t\t\t<a class=\"e-gallery-item elementor-gallery-item elementor-animated-content\" href=\"https:\/\/www.itergoritiense.eu\/wp-content\/uploads\/2024\/09\/3-etapa-utrinki-03.webp\" data-elementor-open-lightbox=\"yes\" data-elementor-lightbox-slideshow=\"fff4b11\" data-elementor-lightbox-title=\"3-etapa-utrinki-03.webp\" data-e-action-hash=\"#elementor-action%3Aaction%3Dlightbox%26settings%3DeyJpZCI6NjI2MywidXJsIjoiaHR0cHM6XC9cL3d3dy5pdGVyZ29yaXRpZW5zZS5ldVwvd3AtY29udGVudFwvdXBsb2Fkc1wvMjAyNFwvMDlcLzMtZXRhcGEtdXRyaW5raS0wMy53ZWJwIiwic2xpZGVzaG93IjoiZmZmNGIxMSJ9\">\n\t\t\t\t\t<div class=\"e-gallery-image elementor-gallery-item__image\" data-thumbnail=\"https:\/\/www.itergoritiense.eu\/wp-content\/uploads\/2024\/09\/3-etapa-utrinki-03.webp\" data-width=\"1000\" data-height=\"700\" aria-label=\"\" role=\"img\" ><\/div>\n\t\t\t\t\t\t\t\t\t\t\t<div class=\"elementor-gallery-item__overlay\"><\/div>\n\t\t\t\t\t\t\t\t\t\t\t\t\t\t<\/a>\n\t\t\t\t\t\t\t<a class=\"e-gallery-item elementor-gallery-item elementor-animated-content\" href=\"https:\/\/www.itergoritiense.eu\/wp-content\/uploads\/2024\/09\/smerokazi-004.webp\" data-elementor-open-lightbox=\"yes\" data-elementor-lightbox-slideshow=\"fff4b11\" data-elementor-lightbox-title=\"smerokazi-004\" data-e-action-hash=\"#elementor-action%3Aaction%3Dlightbox%26settings%3DeyJpZCI6NjMxMSwidXJsIjoiaHR0cHM6XC9cL3d3dy5pdGVyZ29yaXRpZW5zZS5ldVwvd3AtY29udGVudFwvdXBsb2Fkc1wvMjAyNFwvMDlcL3NtZXJva2F6aS0wMDQud2VicCIsInNsaWRlc2hvdyI6ImZmZjRiMTEifQ%3D%3D\">\n\t\t\t\t\t<div class=\"e-gallery-image elementor-gallery-item__image\" data-thumbnail=\"https:\/\/www.itergoritiense.eu\/wp-content\/uploads\/2024\/09\/smerokazi-004.webp\" data-width=\"1000\" data-height=\"700\" aria-label=\"\" role=\"img\" ><\/div>\n\t\t\t\t\t\t\t\t\t\t\t<div class=\"elementor-gallery-item__overlay\"><\/div>\n\t\t\t\t\t\t\t\t\t\t\t\t\t\t<\/a>\n\t\t\t\t\t<\/div>\n\t\t\t\t\t<\/div>\n\t\t\t\t<\/div>\n\t\t\t\t\t<\/div>\n\t\t\t\t<\/div>\n\t\t\t\t<\/div>\n\t\t","protected":false},"excerpt":{"rendered":"<p>Testimonium Un segno di viaggio, memoria e spiritualit\u00e0 Testimonium del Cammino Goriziano Il Testimonium del Cammino Goriziano rappresenta molto pi\u00f9 di un semplice attestato: con questo documento, ogni pellegrino riceve un ricordo tangibile del proprio viaggio lungo i sentieri spirituali, storici e culturali che attraversano il territorio goriziano. Il Testimonium celebra l\u2019impegno del pellegrino, che [&hellip;]<\/p>\n","protected":false},"author":1,"featured_media":5264,"parent":0,"menu_order":0,"comment_status":"closed","ping_status":"closed","template":"","meta":{"footnotes":""},"class_list":["post-8431","page","type-page","status-publish","has-post-thumbnail","hentry"],"yoast_head":"<!-- This site is optimized with the Yoast SEO plugin v27.0 - https:\/\/yoast.com\/product\/yoast-seo-wordpress\/ -->\n<title>Testimonium | Cammino Goriziano<\/title>\n<meta name=\"description\" content=\"Testimonium Un segno di viaggio, memoria e spiritualit\u00e0 Testimonium del Cammino Goriziano Il Testimonium del Cammino Goriziano rappresenta molto pi\u00f9 di un\" \/>\n<meta name=\"robots\" content=\"index, follow, max-snippet:-1, max-image-preview:large, max-video-preview:-1\" \/>\n<link rel=\"canonical\" href=\"https:\/\/www.itergoritiense.eu\/en\/testimonium\/\" \/>\n<meta property=\"og:locale\" content=\"it_IT\" \/>\n<meta property=\"og:type\" content=\"article\" \/>\n<meta property=\"og:title\" content=\"Testimonium | Cammino Goriziano\" \/>\n<meta property=\"og:description\" content=\"Testimonium Un segno di viaggio, memoria e spiritualit\u00e0 Testimonium del Cammino Goriziano Il Testimonium del Cammino Goriziano rappresenta molto pi\u00f9 di un\" \/>\n<meta property=\"og:url\" content=\"https:\/\/www.itergoritiense.eu\/en\/testimonium\/\" \/>\n<meta property=\"og:site_name\" content=\"Iter Goritiense\" \/>\n<meta property=\"article:publisher\" content=\"https:\/\/www.facebook.com\/people\/Iter-Goritiense-Aquileia-Sveta-Gora\/61560525574910\/\" \/>\n<meta property=\"article:modified_time\" content=\"2025-09-18T08:46:23+00:00\" \/>\n<meta property=\"og:image\" content=\"https:\/\/www.itergoritiense.eu\/wp-content\/uploads\/2024\/06\/itergoritiense-featured-image.webp\" \/>\n\t<meta property=\"og:image:width\" content=\"1200\" \/>\n\t<meta property=\"og:image:height\" content=\"675\" \/>\n\t<meta property=\"og:image:type\" content=\"image\/webp\" \/>\n<meta name=\"twitter:card\" content=\"summary_large_image\" \/>\n<meta name=\"twitter:label1\" content=\"Est. reading time\" \/>\n\t<meta name=\"twitter:data1\" content=\"1 minute\" \/>\n<script type=\"application\/ld+json\" class=\"yoast-schema-graph\">{\"@context\":\"https:\/\/schema.org\",\"@graph\":[{\"@type\":\"WebPage\",\"@id\":\"https:\/\/www.itergoritiense.eu\/en\/testimonium\/\",\"url\":\"https:\/\/www.itergoritiense.eu\/en\/testimonium\/\",\"name\":\"Testimonium | Cammino Goriziano\",\"isPartOf\":{\"@id\":\"https:\/\/www.itergoritiense.eu\/#website\"},\"primaryImageOfPage\":{\"@id\":\"https:\/\/www.itergoritiense.eu\/en\/testimonium\/#primaryimage\"},\"image\":{\"@id\":\"https:\/\/www.itergoritiense.eu\/en\/testimonium\/#primaryimage\"},\"thumbnailUrl\":\"https:\/\/www.itergoritiense.eu\/wp-content\/uploads\/2024\/06\/itergoritiense-featured-image.webp\",\"datePublished\":\"2025-05-18T11:24:55+00:00\",\"dateModified\":\"2025-09-18T08:46:23+00:00\",\"description\":\"Testimonium Un segno di viaggio, memoria e spiritualit\u00e0 Testimonium del Cammino Goriziano Il Testimonium del Cammino Goriziano rappresenta molto pi\u00f9 di un\",\"breadcrumb\":{\"@id\":\"https:\/\/www.itergoritiense.eu\/en\/testimonium\/#breadcrumb\"},\"inLanguage\":\"it-IT\",\"potentialAction\":[{\"@type\":\"ReadAction\",\"target\":[\"https:\/\/www.itergoritiense.eu\/en\/testimonium\/\"]}]},{\"@type\":\"ImageObject\",\"inLanguage\":\"it-IT\",\"@id\":\"https:\/\/www.itergoritiense.eu\/en\/testimonium\/#primaryimage\",\"url\":\"https:\/\/www.itergoritiense.eu\/wp-content\/uploads\/2024\/06\/itergoritiense-featured-image.webp\",\"contentUrl\":\"https:\/\/www.itergoritiense.eu\/wp-content\/uploads\/2024\/06\/itergoritiense-featured-image.webp\",\"width\":1200,\"height\":675},{\"@type\":\"BreadcrumbList\",\"@id\":\"https:\/\/www.itergoritiense.eu\/en\/testimonium\/#breadcrumb\",\"itemListElement\":[{\"@type\":\"ListItem\",\"position\":1,\"name\":\"Domov\",\"item\":\"https:\/\/www.itergoritiense.eu\/\"},{\"@type\":\"ListItem\",\"position\":2,\"name\":\"Testimonium\"}]},{\"@type\":\"WebSite\",\"@id\":\"https:\/\/www.itergoritiense.eu\/#website\",\"url\":\"https:\/\/www.itergoritiense.eu\/\",\"name\":\"Iter Goritiense\",\"description\":\"Pot, ki presega meje in povezuje ljudi\",\"publisher\":{\"@id\":\"https:\/\/www.itergoritiense.eu\/#organization\"},\"alternateName\":\"Iter Goritiense\",\"potentialAction\":[{\"@type\":\"SearchAction\",\"target\":{\"@type\":\"EntryPoint\",\"urlTemplate\":\"https:\/\/www.itergoritiense.eu\/?s={search_term_string}\"},\"query-input\":{\"@type\":\"PropertyValueSpecification\",\"valueRequired\":true,\"valueName\":\"search_term_string\"}}],\"inLanguage\":\"it-IT\"},{\"@type\":\"Organization\",\"@id\":\"https:\/\/www.itergoritiense.eu\/#organization\",\"name\":\"Iter Goritiense\",\"alternateName\":\"Iter Goritiense\",\"url\":\"https:\/\/www.itergoritiense.eu\/\",\"logo\":{\"@type\":\"ImageObject\",\"inLanguage\":\"it-IT\",\"@id\":\"https:\/\/www.itergoritiense.eu\/#\/schema\/logo\/image\/\",\"url\":\"https:\/\/www.itergoritiense.eu\/wp-content\/uploads\/2024\/06\/AQSG_logo_barven.png\",\"contentUrl\":\"https:\/\/www.itergoritiense.eu\/wp-content\/uploads\/2024\/06\/AQSG_logo_barven.png\",\"width\":1635,\"height\":450,\"caption\":\"Iter Goritiense\"},\"image\":{\"@id\":\"https:\/\/www.itergoritiense.eu\/#\/schema\/logo\/image\/\"},\"sameAs\":[\"https:\/\/www.facebook.com\/people\/Iter-Goritiense-Aquileia-Sveta-Gora\/61560525574910\/\",\"https:\/\/www.instagram.com\/iter_goritiense\/\"]}]}<\/script>\n<!-- \/ Yoast SEO plugin. -->","yoast_head_json":{"title":"Testimonium | Cammino Goriziano","description":"Testimonium Un segno di viaggio, memoria e spiritualit\u00e0 Testimonium del Cammino Goriziano Il Testimonium del Cammino Goriziano rappresenta molto pi\u00f9 di un","robots":{"index":"index","follow":"follow","max-snippet":"max-snippet:-1","max-image-preview":"max-image-preview:large","max-video-preview":"max-video-preview:-1"},"canonical":"https:\/\/www.itergoritiense.eu\/en\/testimonium\/","og_locale":"it_IT","og_type":"article","og_title":"Testimonium | Cammino Goriziano","og_description":"Testimonium Un segno di viaggio, memoria e spiritualit\u00e0 Testimonium del Cammino Goriziano Il Testimonium del Cammino Goriziano rappresenta molto pi\u00f9 di un","og_url":"https:\/\/www.itergoritiense.eu\/en\/testimonium\/","og_site_name":"Iter Goritiense","article_publisher":"https:\/\/www.facebook.com\/people\/Iter-Goritiense-Aquileia-Sveta-Gora\/61560525574910\/","article_modified_time":"2025-09-18T08:46:23+00:00","og_image":[{"width":1200,"height":675,"url":"https:\/\/www.itergoritiense.eu\/wp-content\/uploads\/2024\/06\/itergoritiense-featured-image.webp","type":"image\/webp"}],"twitter_card":"summary_large_image","twitter_misc":{"Est. reading time":"1 minute"},"schema":{"@context":"https:\/\/schema.org","@graph":[{"@type":"WebPage","@id":"https:\/\/www.itergoritiense.eu\/en\/testimonium\/","url":"https:\/\/www.itergoritiense.eu\/en\/testimonium\/","name":"Testimonium | Cammino Goriziano","isPartOf":{"@id":"https:\/\/www.itergoritiense.eu\/#website"},"primaryImageOfPage":{"@id":"https:\/\/www.itergoritiense.eu\/en\/testimonium\/#primaryimage"},"image":{"@id":"https:\/\/www.itergoritiense.eu\/en\/testimonium\/#primaryimage"},"thumbnailUrl":"https:\/\/www.itergoritiense.eu\/wp-content\/uploads\/2024\/06\/itergoritiense-featured-image.webp","datePublished":"2025-05-18T11:24:55+00:00","dateModified":"2025-09-18T08:46:23+00:00","description":"Testimonium Un segno di viaggio, memoria e spiritualit\u00e0 Testimonium del Cammino Goriziano Il Testimonium del Cammino Goriziano rappresenta molto pi\u00f9 di un","breadcrumb":{"@id":"https:\/\/www.itergoritiense.eu\/en\/testimonium\/#breadcrumb"},"inLanguage":"it-IT","potentialAction":[{"@type":"ReadAction","target":["https:\/\/www.itergoritiense.eu\/en\/testimonium\/"]}]},{"@type":"ImageObject","inLanguage":"it-IT","@id":"https:\/\/www.itergoritiense.eu\/en\/testimonium\/#primaryimage","url":"https:\/\/www.itergoritiense.eu\/wp-content\/uploads\/2024\/06\/itergoritiense-featured-image.webp","contentUrl":"https:\/\/www.itergoritiense.eu\/wp-content\/uploads\/2024\/06\/itergoritiense-featured-image.webp","width":1200,"height":675},{"@type":"BreadcrumbList","@id":"https:\/\/www.itergoritiense.eu\/en\/testimonium\/#breadcrumb","itemListElement":[{"@type":"ListItem","position":1,"name":"Domov","item":"https:\/\/www.itergoritiense.eu\/"},{"@type":"ListItem","position":2,"name":"Testimonium"}]},{"@type":"WebSite","@id":"https:\/\/www.itergoritiense.eu\/#website","url":"https:\/\/www.itergoritiense.eu\/","name":"Iter Goritiense","description":"Pot, ki presega meje in povezuje ljudi","publisher":{"@id":"https:\/\/www.itergoritiense.eu\/#organization"},"alternateName":"Iter Goritiense","potentialAction":[{"@type":"SearchAction","target":{"@type":"EntryPoint","urlTemplate":"https:\/\/www.itergoritiense.eu\/?s={search_term_string}"},"query-input":{"@type":"PropertyValueSpecification","valueRequired":true,"valueName":"search_term_string"}}],"inLanguage":"it-IT"},{"@type":"Organization","@id":"https:\/\/www.itergoritiense.eu\/#organization","name":"Iter Goritiense","alternateName":"Iter Goritiense","url":"https:\/\/www.itergoritiense.eu\/","logo":{"@type":"ImageObject","inLanguage":"it-IT","@id":"https:\/\/www.itergoritiense.eu\/#\/schema\/logo\/image\/","url":"https:\/\/www.itergoritiense.eu\/wp-content\/uploads\/2024\/06\/AQSG_logo_barven.png","contentUrl":"https:\/\/www.itergoritiense.eu\/wp-content\/uploads\/2024\/06\/AQSG_logo_barven.png","width":1635,"height":450,"caption":"Iter Goritiense"},"image":{"@id":"https:\/\/www.itergoritiense.eu\/#\/schema\/logo\/image\/"},"sameAs":["https:\/\/www.facebook.com\/people\/Iter-Goritiense-Aquileia-Sveta-Gora\/61560525574910\/","https:\/\/www.instagram.com\/iter_goritiense\/"]}]}},"_links":{"self":[{"href":"https:\/\/www.itergoritiense.eu\/it\/wp-json\/wp\/v2\/pages\/8431","targetHints":{"allow":["GET"]}}],"collection":[{"href":"https:\/\/www.itergoritiense.eu\/it\/wp-json\/wp\/v2\/pages"}],"about":[{"href":"https:\/\/www.itergoritiense.eu\/it\/wp-json\/wp\/v2\/types\/page"}],"author":[{"embeddable":true,"href":"https:\/\/www.itergoritiense.eu\/it\/wp-json\/wp\/v2\/users\/1"}],"replies":[{"embeddable":true,"href":"https:\/\/www.itergoritiense.eu\/it\/wp-json\/wp\/v2\/comments?post=8431"}],"version-history":[{"count":19,"href":"https:\/\/www.itergoritiense.eu\/it\/wp-json\/wp\/v2\/pages\/8431\/revisions"}],"predecessor-version":[{"id":9458,"href":"https:\/\/www.itergoritiense.eu\/it\/wp-json\/wp\/v2\/pages\/8431\/revisions\/9458"}],"wp:featuredmedia":[{"embeddable":true,"href":"https:\/\/www.itergoritiense.eu\/it\/wp-json\/wp\/v2\/media\/5264"}],"wp:attachment":[{"href":"https:\/\/www.itergoritiense.eu\/it\/wp-json\/wp\/v2\/media?parent=8431"}],"curies":[{"name":"wp","href":"https:\/\/api.w.org\/{rel}","templated":true}]}}