{"id":8601,"date":"2025-05-19T08:48:27","date_gmt":"2025-05-19T08:48:27","guid":{"rendered":"https:\/\/www.itergoritiense.eu\/aquileia\/"},"modified":"2025-05-19T10:01:56","modified_gmt":"2025-05-19T10:01:56","slug":"aquileia","status":"publish","type":"page","link":"https:\/\/www.itergoritiense.eu\/it\/aquileia\/","title":{"rendered":"Aquileia"},"content":{"rendered":"\t\t<div data-elementor-type=\"wp-page\" data-elementor-id=\"8601\" class=\"elementor elementor-8601 elementor-8462\" data-elementor-post-type=\"page\">\n\t\t\t\t\t\t<section class=\"elementor-section elementor-top-section elementor-element elementor-element-2204fbf elementor-section-stretched elementor-section-boxed elementor-section-height-default elementor-section-height-default\" data-id=\"2204fbf\" data-element_type=\"section\" data-e-type=\"section\" data-settings=\"{&quot;stretch_section&quot;:&quot;section-stretched&quot;,&quot;background_background&quot;:&quot;classic&quot;}\">\n\t\t\t\t\t\t\t<div class=\"elementor-background-overlay\"><\/div>\n\t\t\t\t\t\t\t<div class=\"elementor-container elementor-column-gap-default\">\n\t\t\t\t\t<div class=\"elementor-column elementor-col-100 elementor-top-column elementor-element elementor-element-b97fe9c\" data-id=\"b97fe9c\" data-element_type=\"column\" data-e-type=\"column\">\n\t\t\t<div class=\"elementor-widget-wrap elementor-element-populated\">\n\t\t\t\t\t\t<div class=\"elementor-element elementor-element-5564499 elementor-widget elementor-widget-heading\" data-id=\"5564499\" data-element_type=\"widget\" data-e-type=\"widget\" data-settings=\"{&quot;_animation&quot;:&quot;none&quot;}\" data-widget_type=\"heading.default\">\n\t\t\t\t<div class=\"elementor-widget-container\">\n\t\t\t\t\t<h1 class=\"elementor-heading-title elementor-size-default\">Aquileia<\/h1>\t\t\t\t<\/div>\n\t\t\t\t<\/div>\n\t\t\t\t\t<\/div>\n\t\t<\/div>\n\t\t\t\t\t<\/div>\n\t\t<\/section>\n\t\t\t\t<section class=\"elementor-section elementor-top-section elementor-element elementor-element-180ee72 elementor-section-content-middle elementor-section-boxed elementor-section-height-default elementor-section-height-default\" data-id=\"180ee72\" data-element_type=\"section\" data-e-type=\"section\" data-settings=\"{&quot;background_background&quot;:&quot;classic&quot;}\">\n\t\t\t\t\t\t\t<div class=\"elementor-background-overlay\"><\/div>\n\t\t\t\t\t\t\t<div class=\"elementor-container elementor-column-gap-default\">\n\t\t\t\t\t<div class=\"elementor-column elementor-col-50 elementor-top-column elementor-element elementor-element-6b6ab15\" data-id=\"6b6ab15\" data-element_type=\"column\" data-e-type=\"column\">\n\t\t\t<div class=\"elementor-widget-wrap elementor-element-populated\">\n\t\t\t\t\t\t<div class=\"elementor-element elementor-element-3304128 elementor-widget elementor-widget-heading\" data-id=\"3304128\" data-element_type=\"widget\" data-e-type=\"widget\" data-settings=\"{&quot;_animation&quot;:&quot;none&quot;}\" data-widget_type=\"heading.default\">\n\t\t\t\t<div class=\"elementor-widget-container\">\n\t\t\t\t\t<p class=\"elementor-heading-title elementor-size-default\">Aquileia<\/p>\t\t\t\t<\/div>\n\t\t\t\t<\/div>\n\t\t\t\t<div class=\"elementor-element elementor-element-97c4ef9 elementor-widget elementor-widget-heading\" data-id=\"97c4ef9\" data-element_type=\"widget\" data-e-type=\"widget\" data-widget_type=\"heading.default\">\n\t\t\t\t<div class=\"elementor-widget-container\">\n\t\t\t\t\t<h2 class=\"elementor-heading-title elementor-size-default\">Basilica Patriarcale di Aquileia<\/h2>\t\t\t\t<\/div>\n\t\t\t\t<\/div>\n\t\t\t\t<div class=\"elementor-element elementor-element-23bf790 elementor-widget elementor-widget-heading\" data-id=\"23bf790\" data-element_type=\"widget\" data-e-type=\"widget\" data-widget_type=\"heading.default\">\n\t\t\t\t<div class=\"elementor-widget-container\">\n\t\t\t\t\t<p class=\"elementor-heading-title elementor-size-default\">Patrimonio UNESCO dal Dicembre 1998 assieme a tutta la zona archeologica, la Basilica Patriarcale di Aquileia \u00e8 il monumento pi\u00f9 rappresentativo della cittadina ma anche la pi\u00f9 imponente ed importante testimonianza storica della diffusione del cristianesimo in tutta l\u2019Europa centrale. Affonda le sue radici fino ai primi decenni  del IV sec. con la prima realizzazione dell\u2019impianto ad aule parallele del Vescovo Teodoro. Nel  corso dei secoli successivi si sviluppa e modifica seguendo gli stili del momento, fino ad arrivare alla struttura attuale: un grande e suggestivo compendio di storia dell\u2019arte racchiuso in un unico edificio, autentico tesoro di cultura, bellezza e naturalmente spiritualit\u00e0. <br><br>L\u2019interno della Basilica \u00e8 dominato dal grande pavimento paleocristiano, forse il pi\u00f9 antico luogo di culto pubblico cristiano del mondo. Su una superficie continua di 760 mq si alternano immagini ricche di significato, piante, pesci, uccelli, animali e volti umani. E\u2019 un grande \u201clibro\u201d, illustrato con migliaia di tesserine colorate che introducono attraverso i simboli, il primo messaggio della salvezza universale. Scene come la lotta tra il Gallo e la Tartaruga, il Buon Pastore, la Scena di Pesca e il Ciclo di Giona accompagnavano i fedeli del IV secolo nel cammino d\u2019istruzione e comprensione della nuova religione che si andava diffondendo sempre pi\u00f9. <\/p>\t\t\t\t<\/div>\n\t\t\t\t<\/div>\n\t\t\t\t\t<\/div>\n\t\t<\/div>\n\t\t\t\t<div class=\"elementor-column elementor-col-50 elementor-top-column elementor-element elementor-element-f721bc8\" data-id=\"f721bc8\" data-element_type=\"column\" data-e-type=\"column\">\n\t\t\t<div class=\"elementor-widget-wrap elementor-element-populated\">\n\t\t\t\t\t\t<section class=\"elementor-section elementor-inner-section elementor-element elementor-element-8069c0a elementor-section-full_width elementor-section-height-default elementor-section-height-default\" data-id=\"8069c0a\" data-element_type=\"section\" data-e-type=\"section\">\n\t\t\t\t\t\t<div class=\"elementor-container elementor-column-gap-default\">\n\t\t\t\t\t<div class=\"elementor-column elementor-col-33 elementor-inner-column elementor-element elementor-element-7c820a1\" data-id=\"7c820a1\" data-element_type=\"column\" data-e-type=\"column\">\n\t\t\t<div class=\"elementor-widget-wrap elementor-element-populated\">\n\t\t\t\t\t\t<div class=\"elementor-element elementor-element-d021a25 elementor-widget elementor-widget-image\" data-id=\"d021a25\" data-element_type=\"widget\" data-e-type=\"widget\" data-settings=\"{&quot;motion_fx_motion_fx_scrolling&quot;:&quot;yes&quot;,&quot;motion_fx_translateY_effect&quot;:&quot;yes&quot;,&quot;motion_fx_translateY_direction&quot;:&quot;negative&quot;,&quot;motion_fx_translateY_speed&quot;:{&quot;unit&quot;:&quot;px&quot;,&quot;size&quot;:&quot;2&quot;,&quot;sizes&quot;:[]},&quot;motion_fx_devices&quot;:[&quot;desktop&quot;,&quot;laptop&quot;],&quot;motion_fx_translateY_affectedRange&quot;:{&quot;unit&quot;:&quot;%&quot;,&quot;size&quot;:&quot;&quot;,&quot;sizes&quot;:{&quot;start&quot;:0,&quot;end&quot;:100}}}\" data-widget_type=\"image.default\">\n\t\t\t\t<div class=\"elementor-widget-container\">\n\t\t\t\t\t\t\t\t\t\t\t\t\t\t\t<img loading=\"lazy\" decoding=\"async\" width=\"683\" height=\"1024\" src=\"https:\/\/www.itergoritiense.eu\/wp-content\/uploads\/2024\/06\/aquileia-002a-683x1024.webp\" class=\"elementor-animation-wobble-vertical attachment-large size-large wp-image-3986\" alt=\"\" srcset=\"https:\/\/www.itergoritiense.eu\/wp-content\/uploads\/2024\/06\/aquileia-002a-683x1024.webp 683w, https:\/\/www.itergoritiense.eu\/wp-content\/uploads\/2024\/06\/aquileia-002a-200x300.webp 200w, https:\/\/www.itergoritiense.eu\/wp-content\/uploads\/2024\/06\/aquileia-002a-768x1152.webp 768w, https:\/\/www.itergoritiense.eu\/wp-content\/uploads\/2024\/06\/aquileia-002a-600x900.webp 600w, https:\/\/www.itergoritiense.eu\/wp-content\/uploads\/2024\/06\/aquileia-002a.webp 800w\" sizes=\"auto, (max-width: 683px) 100vw, 683px\" \/>\t\t\t\t\t\t\t\t\t\t\t\t\t\t\t<\/div>\n\t\t\t\t<\/div>\n\t\t\t\t\t<\/div>\n\t\t<\/div>\n\t\t\t\t<div class=\"elementor-column elementor-col-33 elementor-inner-column elementor-element elementor-element-7ac9dba\" data-id=\"7ac9dba\" data-element_type=\"column\" data-e-type=\"column\">\n\t\t\t<div class=\"elementor-widget-wrap elementor-element-populated\">\n\t\t\t\t\t\t<div class=\"elementor-element elementor-element-2647031 elementor-widget elementor-widget-image\" data-id=\"2647031\" data-element_type=\"widget\" data-e-type=\"widget\" data-settings=\"{&quot;motion_fx_motion_fx_scrolling&quot;:&quot;yes&quot;,&quot;motion_fx_translateY_effect&quot;:&quot;yes&quot;,&quot;motion_fx_translateY_speed&quot;:{&quot;unit&quot;:&quot;px&quot;,&quot;size&quot;:&quot;1&quot;,&quot;sizes&quot;:[]},&quot;motion_fx_scale_effect&quot;:&quot;yes&quot;,&quot;motion_fx_scale_speed&quot;:{&quot;unit&quot;:&quot;px&quot;,&quot;size&quot;:&quot;2&quot;,&quot;sizes&quot;:[]},&quot;motion_fx_devices&quot;:[&quot;desktop&quot;,&quot;laptop&quot;],&quot;motion_fx_translateY_affectedRange&quot;:{&quot;unit&quot;:&quot;%&quot;,&quot;size&quot;:&quot;&quot;,&quot;sizes&quot;:{&quot;start&quot;:0,&quot;end&quot;:100}},&quot;motion_fx_scale_direction&quot;:&quot;out-in&quot;,&quot;motion_fx_scale_range&quot;:{&quot;unit&quot;:&quot;%&quot;,&quot;size&quot;:&quot;&quot;,&quot;sizes&quot;:{&quot;start&quot;:20,&quot;end&quot;:80}}}\" data-widget_type=\"image.default\">\n\t\t\t\t<div class=\"elementor-widget-container\">\n\t\t\t\t\t\t\t\t\t\t\t\t\t\t\t<img loading=\"lazy\" decoding=\"async\" width=\"683\" height=\"1024\" src=\"https:\/\/www.itergoritiense.eu\/wp-content\/uploads\/2024\/06\/aquileia-003a-683x1024.webp\" class=\"elementor-animation-wobble-vertical attachment-large size-large wp-image-3988\" alt=\"\" srcset=\"https:\/\/www.itergoritiense.eu\/wp-content\/uploads\/2024\/06\/aquileia-003a-683x1024.webp 683w, https:\/\/www.itergoritiense.eu\/wp-content\/uploads\/2024\/06\/aquileia-003a-200x300.webp 200w, https:\/\/www.itergoritiense.eu\/wp-content\/uploads\/2024\/06\/aquileia-003a-768x1152.webp 768w, https:\/\/www.itergoritiense.eu\/wp-content\/uploads\/2024\/06\/aquileia-003a-600x900.webp 600w, https:\/\/www.itergoritiense.eu\/wp-content\/uploads\/2024\/06\/aquileia-003a.webp 800w\" sizes=\"auto, (max-width: 683px) 100vw, 683px\" \/>\t\t\t\t\t\t\t\t\t\t\t\t\t\t\t<\/div>\n\t\t\t\t<\/div>\n\t\t\t\t\t<\/div>\n\t\t<\/div>\n\t\t\t\t<div class=\"elementor-column elementor-col-33 elementor-inner-column elementor-element elementor-element-7c72a24\" data-id=\"7c72a24\" data-element_type=\"column\" data-e-type=\"column\">\n\t\t\t<div class=\"elementor-widget-wrap elementor-element-populated\">\n\t\t\t\t\t\t<div class=\"elementor-element elementor-element-610b347 elementor-widget elementor-widget-image\" data-id=\"610b347\" data-element_type=\"widget\" data-e-type=\"widget\" data-settings=\"{&quot;motion_fx_motion_fx_scrolling&quot;:&quot;yes&quot;,&quot;motion_fx_translateY_effect&quot;:&quot;yes&quot;,&quot;motion_fx_translateY_direction&quot;:&quot;negative&quot;,&quot;motion_fx_translateY_speed&quot;:{&quot;unit&quot;:&quot;px&quot;,&quot;size&quot;:&quot;1&quot;,&quot;sizes&quot;:[]},&quot;motion_fx_devices&quot;:[&quot;desktop&quot;,&quot;laptop&quot;],&quot;motion_fx_translateY_affectedRange&quot;:{&quot;unit&quot;:&quot;%&quot;,&quot;size&quot;:&quot;&quot;,&quot;sizes&quot;:{&quot;start&quot;:0,&quot;end&quot;:100}}}\" data-widget_type=\"image.default\">\n\t\t\t\t<div class=\"elementor-widget-container\">\n\t\t\t\t\t\t\t\t\t\t\t\t\t\t\t<img loading=\"lazy\" decoding=\"async\" width=\"683\" height=\"1024\" src=\"https:\/\/www.itergoritiense.eu\/wp-content\/uploads\/2024\/06\/aquileia-001a-683x1024.webp\" class=\"elementor-animation-wobble-vertical attachment-large size-large wp-image-3984\" alt=\"\" srcset=\"https:\/\/www.itergoritiense.eu\/wp-content\/uploads\/2024\/06\/aquileia-001a-683x1024.webp 683w, https:\/\/www.itergoritiense.eu\/wp-content\/uploads\/2024\/06\/aquileia-001a-200x300.webp 200w, https:\/\/www.itergoritiense.eu\/wp-content\/uploads\/2024\/06\/aquileia-001a-768x1152.webp 768w, https:\/\/www.itergoritiense.eu\/wp-content\/uploads\/2024\/06\/aquileia-001a-600x900.webp 600w, https:\/\/www.itergoritiense.eu\/wp-content\/uploads\/2024\/06\/aquileia-001a.webp 800w\" sizes=\"auto, (max-width: 683px) 100vw, 683px\" \/>\t\t\t\t\t\t\t\t\t\t\t\t\t\t\t<\/div>\n\t\t\t\t<\/div>\n\t\t\t\t\t<\/div>\n\t\t<\/div>\n\t\t\t\t\t<\/div>\n\t\t<\/section>\n\t\t\t\t<section class=\"elementor-section elementor-inner-section elementor-element elementor-element-3a3cf64 elementor-section-full_width elementor-section-height-default elementor-section-height-default\" data-id=\"3a3cf64\" data-element_type=\"section\" data-e-type=\"section\">\n\t\t\t\t\t\t<div class=\"elementor-container elementor-column-gap-default\">\n\t\t\t\t\t<div class=\"elementor-column elementor-col-33 elementor-inner-column elementor-element elementor-element-23b04cf\" data-id=\"23b04cf\" data-element_type=\"column\" data-e-type=\"column\">\n\t\t\t<div class=\"elementor-widget-wrap\">\n\t\t\t\t\t\t\t<\/div>\n\t\t<\/div>\n\t\t\t\t<div class=\"elementor-column elementor-col-33 elementor-inner-column elementor-element elementor-element-08d3ee2\" data-id=\"08d3ee2\" data-element_type=\"column\" data-e-type=\"column\">\n\t\t\t<div class=\"elementor-widget-wrap elementor-element-populated\">\n\t\t\t\t\t\t<div class=\"elementor-element elementor-element-f536a9b elementor-widget elementor-widget-image\" data-id=\"f536a9b\" data-element_type=\"widget\" data-e-type=\"widget\" data-settings=\"{&quot;motion_fx_motion_fx_scrolling&quot;:&quot;yes&quot;,&quot;motion_fx_translateX_effect&quot;:&quot;yes&quot;,&quot;motion_fx_translateX_direction&quot;:&quot;negative&quot;,&quot;motion_fx_translateX_speed&quot;:{&quot;unit&quot;:&quot;px&quot;,&quot;size&quot;:&quot;1&quot;,&quot;sizes&quot;:[]},&quot;motion_fx_devices&quot;:[&quot;desktop&quot;,&quot;laptop&quot;],&quot;motion_fx_translateX_affectedRange&quot;:{&quot;unit&quot;:&quot;%&quot;,&quot;size&quot;:&quot;&quot;,&quot;sizes&quot;:{&quot;start&quot;:0,&quot;end&quot;:100}}}\" data-widget_type=\"image.default\">\n\t\t\t\t<div class=\"elementor-widget-container\">\n\t\t\t\t\t\t\t\t\t\t\t\t\t\t\t<img loading=\"lazy\" decoding=\"async\" width=\"1024\" height=\"683\" src=\"https:\/\/www.itergoritiense.eu\/wp-content\/uploads\/2024\/06\/drone-esterno-basilica-di-aquileia-perpendicolare-1024x683.webp\" class=\"elementor-animation-wobble-vertical attachment-large size-large wp-image-4046\" alt=\"\" srcset=\"https:\/\/www.itergoritiense.eu\/wp-content\/uploads\/2024\/06\/drone-esterno-basilica-di-aquileia-perpendicolare-1024x683.webp 1024w, https:\/\/www.itergoritiense.eu\/wp-content\/uploads\/2024\/06\/drone-esterno-basilica-di-aquileia-perpendicolare-300x200.webp 300w, https:\/\/www.itergoritiense.eu\/wp-content\/uploads\/2024\/06\/drone-esterno-basilica-di-aquileia-perpendicolare-768x512.webp 768w, https:\/\/www.itergoritiense.eu\/wp-content\/uploads\/2024\/06\/drone-esterno-basilica-di-aquileia-perpendicolare-1536x1024.webp 1536w, https:\/\/www.itergoritiense.eu\/wp-content\/uploads\/2024\/06\/drone-esterno-basilica-di-aquileia-perpendicolare-600x400.webp 600w, https:\/\/www.itergoritiense.eu\/wp-content\/uploads\/2024\/06\/drone-esterno-basilica-di-aquileia-perpendicolare.webp 1920w\" sizes=\"auto, (max-width: 1024px) 100vw, 1024px\" \/>\t\t\t\t\t\t\t\t\t\t\t\t\t\t\t<\/div>\n\t\t\t\t<\/div>\n\t\t\t\t\t<\/div>\n\t\t<\/div>\n\t\t\t\t<div class=\"elementor-column elementor-col-33 elementor-inner-column elementor-element elementor-element-b1c0fe9\" data-id=\"b1c0fe9\" data-element_type=\"column\" data-e-type=\"column\">\n\t\t\t<div class=\"elementor-widget-wrap\">\n\t\t\t\t\t\t\t<\/div>\n\t\t<\/div>\n\t\t\t\t\t<\/div>\n\t\t<\/section>\n\t\t\t\t\t<\/div>\n\t\t<\/div>\n\t\t\t\t\t<\/div>\n\t\t<\/section>\n\t\t\t\t<\/div>\n\t\t","protected":false},"excerpt":{"rendered":"<p>Aquileia Aquileia Basilica Patriarcale di Aquileia Patrimonio UNESCO dal Dicembre 1998 assieme a tutta la zona archeologica, la Basilica Patriarcale di Aquileia \u00e8 il monumento pi\u00f9 rappresentativo della cittadina ma anche la pi\u00f9 imponente ed importante testimonianza storica della diffusione del cristianesimo in tutta l\u2019Europa centrale. Affonda le sue radici fino ai primi decenni del [&hellip;]<\/p>\n","protected":false},"author":1,"featured_media":5264,"parent":0,"menu_order":0,"comment_status":"closed","ping_status":"closed","template":"","meta":{"footnotes":""},"class_list":["post-8601","page","type-page","status-publish","has-post-thumbnail","hentry"],"yoast_head":"<!-- This site is optimized with the Yoast SEO plugin v27.0 - https:\/\/yoast.com\/product\/yoast-seo-wordpress\/ -->\n<title>Aquileia | Cammino Goriziano<\/title>\n<meta name=\"description\" content=\"Aquileia Aquileia Basilica Patriarcale di Aquileia Patrimonio UNESCO dal Dicembre 1998 assieme a tutta la zona archeologica, la Basilica Patriarcale di\" \/>\n<meta name=\"robots\" content=\"index, follow, max-snippet:-1, max-image-preview:large, max-video-preview:-1\" \/>\n<link rel=\"canonical\" href=\"https:\/\/www.itergoritiense.eu\/it\/aquileia\/\" \/>\n<meta property=\"og:locale\" content=\"it_IT\" \/>\n<meta property=\"og:type\" content=\"article\" \/>\n<meta property=\"og:title\" content=\"Aquileia | Cammino Goriziano\" \/>\n<meta property=\"og:description\" content=\"Aquileia Aquileia Basilica Patriarcale di Aquileia Patrimonio UNESCO dal Dicembre 1998 assieme a tutta la zona archeologica, la Basilica Patriarcale di\" \/>\n<meta property=\"og:url\" content=\"https:\/\/www.itergoritiense.eu\/it\/aquileia\/\" \/>\n<meta property=\"og:site_name\" content=\"Iter Goritiense\" \/>\n<meta property=\"article:publisher\" content=\"https:\/\/www.facebook.com\/people\/Iter-Goritiense-Aquileia-Sveta-Gora\/61560525574910\/\" \/>\n<meta property=\"article:modified_time\" content=\"2025-05-19T10:01:56+00:00\" \/>\n<meta property=\"og:image\" content=\"https:\/\/www.itergoritiense.eu\/wp-content\/uploads\/2024\/06\/itergoritiense-featured-image.webp\" \/>\n\t<meta property=\"og:image:width\" content=\"1200\" \/>\n\t<meta property=\"og:image:height\" content=\"675\" \/>\n\t<meta property=\"og:image:type\" content=\"image\/webp\" \/>\n<meta name=\"twitter:card\" content=\"summary_large_image\" \/>\n<meta name=\"twitter:label1\" content=\"Est. reading time\" \/>\n\t<meta name=\"twitter:data1\" content=\"2 minutes\" \/>\n<script type=\"application\/ld+json\" class=\"yoast-schema-graph\">{\"@context\":\"https:\/\/schema.org\",\"@graph\":[{\"@type\":\"WebPage\",\"@id\":\"https:\/\/www.itergoritiense.eu\/it\/aquileia\/\",\"url\":\"https:\/\/www.itergoritiense.eu\/it\/aquileia\/\",\"name\":\"Aquileia | Cammino Goriziano\",\"isPartOf\":{\"@id\":\"https:\/\/www.itergoritiense.eu\/#website\"},\"primaryImageOfPage\":{\"@id\":\"https:\/\/www.itergoritiense.eu\/it\/aquileia\/#primaryimage\"},\"image\":{\"@id\":\"https:\/\/www.itergoritiense.eu\/it\/aquileia\/#primaryimage\"},\"thumbnailUrl\":\"https:\/\/www.itergoritiense.eu\/wp-content\/uploads\/2024\/06\/itergoritiense-featured-image.webp\",\"datePublished\":\"2025-05-19T08:48:27+00:00\",\"dateModified\":\"2025-05-19T10:01:56+00:00\",\"description\":\"Aquileia Aquileia Basilica Patriarcale di Aquileia Patrimonio UNESCO dal Dicembre 1998 assieme a tutta la zona archeologica, la Basilica Patriarcale di\",\"breadcrumb\":{\"@id\":\"https:\/\/www.itergoritiense.eu\/it\/aquileia\/#breadcrumb\"},\"inLanguage\":\"it-IT\",\"potentialAction\":[{\"@type\":\"ReadAction\",\"target\":[\"https:\/\/www.itergoritiense.eu\/it\/aquileia\/\"]}]},{\"@type\":\"ImageObject\",\"inLanguage\":\"it-IT\",\"@id\":\"https:\/\/www.itergoritiense.eu\/it\/aquileia\/#primaryimage\",\"url\":\"https:\/\/www.itergoritiense.eu\/wp-content\/uploads\/2024\/06\/itergoritiense-featured-image.webp\",\"contentUrl\":\"https:\/\/www.itergoritiense.eu\/wp-content\/uploads\/2024\/06\/itergoritiense-featured-image.webp\",\"width\":1200,\"height\":675},{\"@type\":\"BreadcrumbList\",\"@id\":\"https:\/\/www.itergoritiense.eu\/it\/aquileia\/#breadcrumb\",\"itemListElement\":[{\"@type\":\"ListItem\",\"position\":1,\"name\":\"Domov\",\"item\":\"https:\/\/www.itergoritiense.eu\/\"},{\"@type\":\"ListItem\",\"position\":2,\"name\":\"Aquileia\"}]},{\"@type\":\"WebSite\",\"@id\":\"https:\/\/www.itergoritiense.eu\/#website\",\"url\":\"https:\/\/www.itergoritiense.eu\/\",\"name\":\"Iter Goritiense\",\"description\":\"Pot, ki presega meje in povezuje ljudi\",\"publisher\":{\"@id\":\"https:\/\/www.itergoritiense.eu\/#organization\"},\"alternateName\":\"Iter Goritiense\",\"potentialAction\":[{\"@type\":\"SearchAction\",\"target\":{\"@type\":\"EntryPoint\",\"urlTemplate\":\"https:\/\/www.itergoritiense.eu\/?s={search_term_string}\"},\"query-input\":{\"@type\":\"PropertyValueSpecification\",\"valueRequired\":true,\"valueName\":\"search_term_string\"}}],\"inLanguage\":\"it-IT\"},{\"@type\":\"Organization\",\"@id\":\"https:\/\/www.itergoritiense.eu\/#organization\",\"name\":\"Iter Goritiense\",\"alternateName\":\"Iter Goritiense\",\"url\":\"https:\/\/www.itergoritiense.eu\/\",\"logo\":{\"@type\":\"ImageObject\",\"inLanguage\":\"it-IT\",\"@id\":\"https:\/\/www.itergoritiense.eu\/#\/schema\/logo\/image\/\",\"url\":\"https:\/\/www.itergoritiense.eu\/wp-content\/uploads\/2024\/06\/AQSG_logo_barven.png\",\"contentUrl\":\"https:\/\/www.itergoritiense.eu\/wp-content\/uploads\/2024\/06\/AQSG_logo_barven.png\",\"width\":1635,\"height\":450,\"caption\":\"Iter Goritiense\"},\"image\":{\"@id\":\"https:\/\/www.itergoritiense.eu\/#\/schema\/logo\/image\/\"},\"sameAs\":[\"https:\/\/www.facebook.com\/people\/Iter-Goritiense-Aquileia-Sveta-Gora\/61560525574910\/\",\"https:\/\/www.instagram.com\/iter_goritiense\/\"]}]}<\/script>\n<!-- \/ Yoast SEO plugin. -->","yoast_head_json":{"title":"Aquileia | Cammino Goriziano","description":"Aquileia Aquileia Basilica Patriarcale di Aquileia Patrimonio UNESCO dal Dicembre 1998 assieme a tutta la zona archeologica, la Basilica Patriarcale di","robots":{"index":"index","follow":"follow","max-snippet":"max-snippet:-1","max-image-preview":"max-image-preview:large","max-video-preview":"max-video-preview:-1"},"canonical":"https:\/\/www.itergoritiense.eu\/it\/aquileia\/","og_locale":"it_IT","og_type":"article","og_title":"Aquileia | Cammino Goriziano","og_description":"Aquileia Aquileia Basilica Patriarcale di Aquileia Patrimonio UNESCO dal Dicembre 1998 assieme a tutta la zona archeologica, la Basilica Patriarcale di","og_url":"https:\/\/www.itergoritiense.eu\/it\/aquileia\/","og_site_name":"Iter Goritiense","article_publisher":"https:\/\/www.facebook.com\/people\/Iter-Goritiense-Aquileia-Sveta-Gora\/61560525574910\/","article_modified_time":"2025-05-19T10:01:56+00:00","og_image":[{"width":1200,"height":675,"url":"https:\/\/www.itergoritiense.eu\/wp-content\/uploads\/2024\/06\/itergoritiense-featured-image.webp","type":"image\/webp"}],"twitter_card":"summary_large_image","twitter_misc":{"Est. reading time":"2 minutes"},"schema":{"@context":"https:\/\/schema.org","@graph":[{"@type":"WebPage","@id":"https:\/\/www.itergoritiense.eu\/it\/aquileia\/","url":"https:\/\/www.itergoritiense.eu\/it\/aquileia\/","name":"Aquileia | Cammino Goriziano","isPartOf":{"@id":"https:\/\/www.itergoritiense.eu\/#website"},"primaryImageOfPage":{"@id":"https:\/\/www.itergoritiense.eu\/it\/aquileia\/#primaryimage"},"image":{"@id":"https:\/\/www.itergoritiense.eu\/it\/aquileia\/#primaryimage"},"thumbnailUrl":"https:\/\/www.itergoritiense.eu\/wp-content\/uploads\/2024\/06\/itergoritiense-featured-image.webp","datePublished":"2025-05-19T08:48:27+00:00","dateModified":"2025-05-19T10:01:56+00:00","description":"Aquileia Aquileia Basilica Patriarcale di Aquileia Patrimonio UNESCO dal Dicembre 1998 assieme a tutta la zona archeologica, la Basilica Patriarcale di","breadcrumb":{"@id":"https:\/\/www.itergoritiense.eu\/it\/aquileia\/#breadcrumb"},"inLanguage":"it-IT","potentialAction":[{"@type":"ReadAction","target":["https:\/\/www.itergoritiense.eu\/it\/aquileia\/"]}]},{"@type":"ImageObject","inLanguage":"it-IT","@id":"https:\/\/www.itergoritiense.eu\/it\/aquileia\/#primaryimage","url":"https:\/\/www.itergoritiense.eu\/wp-content\/uploads\/2024\/06\/itergoritiense-featured-image.webp","contentUrl":"https:\/\/www.itergoritiense.eu\/wp-content\/uploads\/2024\/06\/itergoritiense-featured-image.webp","width":1200,"height":675},{"@type":"BreadcrumbList","@id":"https:\/\/www.itergoritiense.eu\/it\/aquileia\/#breadcrumb","itemListElement":[{"@type":"ListItem","position":1,"name":"Domov","item":"https:\/\/www.itergoritiense.eu\/"},{"@type":"ListItem","position":2,"name":"Aquileia"}]},{"@type":"WebSite","@id":"https:\/\/www.itergoritiense.eu\/#website","url":"https:\/\/www.itergoritiense.eu\/","name":"Iter Goritiense","description":"Pot, ki presega meje in povezuje ljudi","publisher":{"@id":"https:\/\/www.itergoritiense.eu\/#organization"},"alternateName":"Iter Goritiense","potentialAction":[{"@type":"SearchAction","target":{"@type":"EntryPoint","urlTemplate":"https:\/\/www.itergoritiense.eu\/?s={search_term_string}"},"query-input":{"@type":"PropertyValueSpecification","valueRequired":true,"valueName":"search_term_string"}}],"inLanguage":"it-IT"},{"@type":"Organization","@id":"https:\/\/www.itergoritiense.eu\/#organization","name":"Iter Goritiense","alternateName":"Iter Goritiense","url":"https:\/\/www.itergoritiense.eu\/","logo":{"@type":"ImageObject","inLanguage":"it-IT","@id":"https:\/\/www.itergoritiense.eu\/#\/schema\/logo\/image\/","url":"https:\/\/www.itergoritiense.eu\/wp-content\/uploads\/2024\/06\/AQSG_logo_barven.png","contentUrl":"https:\/\/www.itergoritiense.eu\/wp-content\/uploads\/2024\/06\/AQSG_logo_barven.png","width":1635,"height":450,"caption":"Iter Goritiense"},"image":{"@id":"https:\/\/www.itergoritiense.eu\/#\/schema\/logo\/image\/"},"sameAs":["https:\/\/www.facebook.com\/people\/Iter-Goritiense-Aquileia-Sveta-Gora\/61560525574910\/","https:\/\/www.instagram.com\/iter_goritiense\/"]}]}},"_links":{"self":[{"href":"https:\/\/www.itergoritiense.eu\/it\/wp-json\/wp\/v2\/pages\/8601","targetHints":{"allow":["GET"]}}],"collection":[{"href":"https:\/\/www.itergoritiense.eu\/it\/wp-json\/wp\/v2\/pages"}],"about":[{"href":"https:\/\/www.itergoritiense.eu\/it\/wp-json\/wp\/v2\/types\/page"}],"author":[{"embeddable":true,"href":"https:\/\/www.itergoritiense.eu\/it\/wp-json\/wp\/v2\/users\/1"}],"replies":[{"embeddable":true,"href":"https:\/\/www.itergoritiense.eu\/it\/wp-json\/wp\/v2\/comments?post=8601"}],"version-history":[{"count":4,"href":"https:\/\/www.itergoritiense.eu\/it\/wp-json\/wp\/v2\/pages\/8601\/revisions"}],"predecessor-version":[{"id":8610,"href":"https:\/\/www.itergoritiense.eu\/it\/wp-json\/wp\/v2\/pages\/8601\/revisions\/8610"}],"wp:featuredmedia":[{"embeddable":true,"href":"https:\/\/www.itergoritiense.eu\/it\/wp-json\/wp\/v2\/media\/5264"}],"wp:attachment":[{"href":"https:\/\/www.itergoritiense.eu\/it\/wp-json\/wp\/v2\/media?parent=8601"}],"curies":[{"name":"wp","href":"https:\/\/api.w.org\/{rel}","templated":true}]}}